{"id":175,"date":"2020-08-20T19:14:05","date_gmt":"2020-08-20T19:14:05","guid":{"rendered":"http:\/\/coscotr.com\/?page_id=175"},"modified":"2026-02-20T16:40:02","modified_gmt":"2026-02-20T13:40:02","slug":"kvkk","status":"publish","type":"page","link":"https:\/\/coscotr.com\/?page_id=175","title":{"rendered":"KVKK"},"content":{"rendered":"\t\t<div data-elementor-type=\"wp-page\" data-elementor-id=\"175\" class=\"elementor elementor-175\">\n\t\t\t\t\t\t<section class=\"elementor-section elementor-top-section elementor-element elementor-element-deebfa4 elementor-section-boxed elementor-section-height-default elementor-section-height-default\" data-id=\"deebfa4\" data-element_type=\"section\" data-e-type=\"section\">\n\t\t\t\t\t\t<div class=\"elementor-container elementor-column-gap-default\">\n\t\t\t\t\t<div class=\"elementor-column elementor-col-50 elementor-top-column elementor-element elementor-element-61dc733\" data-id=\"61dc733\" data-element_type=\"column\" data-e-type=\"column\">\n\t\t\t<div class=\"elementor-widget-wrap elementor-element-populated\">\n\t\t\t\t\t\t<div class=\"elementor-element elementor-element-50eff5a elementor-position-top elementor-widget elementor-widget-image-box\" data-id=\"50eff5a\" data-element_type=\"widget\" data-e-type=\"widget\" data-widget_type=\"image-box.default\">\n\t\t\t\t<div class=\"elementor-widget-container\">\n\t\t\t\t\t<div class=\"elementor-image-box-wrapper\"><figure class=\"elementor-image-box-img\"><a href=\"https:\/\/coscotr.com\/wp-content\/uploads\/2026\/02\/TRADE-CCTV-VASITASIYLA-KISISEL-VERILERIN-ISLENMESINE-ILISKIN-AYDINLATMA-METNI.docx\" tabindex=\"-1\"><img fetchpriority=\"high\" decoding=\"async\" width=\"427\" height=\"461\" src=\"https:\/\/coscotr.com\/wp-content\/uploads\/2020\/08\/pdf-1.jpg\" class=\"attachment-full size-full wp-image-186\" alt=\"\" srcset=\"https:\/\/coscotr.com\/wp-content\/uploads\/2020\/08\/pdf-1.jpg 427w, https:\/\/coscotr.com\/wp-content\/uploads\/2020\/08\/pdf-1-278x300.jpg 278w\" sizes=\"(max-width: 427px) 100vw, 427px\" \/><\/a><\/figure><div class=\"elementor-image-box-content\"><h3 class=\"elementor-image-box-title\"><a href=\"https:\/\/coscotr.com\/wp-content\/uploads\/2026\/02\/TRADE-CCTV-VASITASIYLA-KISISEL-VERILERIN-ISLENMESINE-ILISKIN-AYDINLATMA-METNI.docx\">CCTV VASITASIYLA K\u0130\u015e\u0130SEL VER\u0130LER\u0130N \u0130\u015eLENMES\u0130NE \u0130L\u0130\u015eK\u0130N AYDINLATMA METN\u0130<\/a><\/h3><\/div><\/div>\t\t\t\t<\/div>\n\t\t\t\t<\/div>\n\t\t\t\t<div class=\"elementor-element elementor-element-e248bd0 elementor-position-top elementor-widget elementor-widget-image-box\" data-id=\"e248bd0\" data-element_type=\"widget\" data-e-type=\"widget\" data-widget_type=\"image-box.default\">\n\t\t\t\t<div class=\"elementor-widget-container\">\n\t\t\t\t\t<div class=\"elementor-image-box-wrapper\"><figure class=\"elementor-image-box-img\"><a href=\"https:\/\/coscotr.com\/wp-content\/uploads\/2022\/04\/Aydinlatma_Metni.pdf\" tabindex=\"-1\"><img fetchpriority=\"high\" decoding=\"async\" width=\"427\" height=\"461\" src=\"https:\/\/coscotr.com\/wp-content\/uploads\/2020\/08\/pdf-1.jpg\" class=\"attachment-full size-full wp-image-186\" alt=\"\" srcset=\"https:\/\/coscotr.com\/wp-content\/uploads\/2020\/08\/pdf-1.jpg 427w, https:\/\/coscotr.com\/wp-content\/uploads\/2020\/08\/pdf-1-278x300.jpg 278w\" sizes=\"(max-width: 427px) 100vw, 427px\" \/><\/a><\/figure><div class=\"elementor-image-box-content\"><h3 class=\"elementor-image-box-title\"><a href=\"https:\/\/coscotr.com\/wp-content\/uploads\/2022\/04\/Aydinlatma_Metni.pdf\">Ayd\u0131nlatma Metni<\/a><\/h3><\/div><\/div>\t\t\t\t<\/div>\n\t\t\t\t<\/div>\n\t\t\t\t<div class=\"elementor-element elementor-element-0b955c7 elementor-position-top elementor-widget elementor-widget-image-box\" data-id=\"0b955c7\" data-element_type=\"widget\" data-e-type=\"widget\" data-widget_type=\"image-box.default\">\n\t\t\t\t<div class=\"elementor-widget-container\">\n\t\t\t\t\t<div class=\"elementor-image-box-wrapper\"><figure class=\"elementor-image-box-img\"><a href=\"https:\/\/coscotr.com\/wp-content\/uploads\/2022\/04\/KVKKPolitikasi.pdf\" tabindex=\"-1\"><img fetchpriority=\"high\" decoding=\"async\" width=\"427\" height=\"461\" src=\"https:\/\/coscotr.com\/wp-content\/uploads\/2020\/08\/pdf-1.jpg\" class=\"attachment-full size-full wp-image-186\" alt=\"\" srcset=\"https:\/\/coscotr.com\/wp-content\/uploads\/2020\/08\/pdf-1.jpg 427w, https:\/\/coscotr.com\/wp-content\/uploads\/2020\/08\/pdf-1-278x300.jpg 278w\" sizes=\"(max-width: 427px) 100vw, 427px\" \/><\/a><\/figure><div class=\"elementor-image-box-content\"><h3 class=\"elementor-image-box-title\"><a href=\"https:\/\/coscotr.com\/wp-content\/uploads\/2022\/04\/KVKKPolitikasi.pdf\">KVKK Politikas\u0131<\/a><\/h3><\/div><\/div>\t\t\t\t<\/div>\n\t\t\t\t<\/div>\n\t\t\t\t\t<\/div>\n\t\t<\/div>\n\t\t\t\t<div class=\"elementor-column elementor-col-50 elementor-top-column elementor-element elementor-element-5d4923c\" data-id=\"5d4923c\" data-element_type=\"column\" data-e-type=\"column\">\n\t\t\t<div class=\"elementor-widget-wrap elementor-element-populated\">\n\t\t\t\t\t\t<div class=\"elementor-element elementor-element-31dd68e elementor-position-top elementor-widget elementor-widget-image-box\" data-id=\"31dd68e\" data-element_type=\"widget\" data-e-type=\"widget\" data-widget_type=\"image-box.default\">\n\t\t\t\t<div class=\"elementor-widget-container\">\n\t\t\t\t\t<div class=\"elementor-image-box-wrapper\"><figure class=\"elementor-image-box-img\"><a href=\"https:\/\/coscotr.com\/wp-content\/uploads\/2022\/04\/KVKKBasvuruFormu.pdf\" tabindex=\"-1\"><img fetchpriority=\"high\" decoding=\"async\" width=\"427\" height=\"461\" src=\"https:\/\/coscotr.com\/wp-content\/uploads\/2020\/08\/pdf-1.jpg\" class=\"attachment-full size-full wp-image-186\" alt=\"\" srcset=\"https:\/\/coscotr.com\/wp-content\/uploads\/2020\/08\/pdf-1.jpg 427w, https:\/\/coscotr.com\/wp-content\/uploads\/2020\/08\/pdf-1-278x300.jpg 278w\" sizes=\"(max-width: 427px) 100vw, 427px\" \/><\/a><\/figure><div class=\"elementor-image-box-content\"><h3 class=\"elementor-image-box-title\"><a href=\"https:\/\/coscotr.com\/wp-content\/uploads\/2022\/04\/KVKKBasvuruFormu.pdf\">KVKK Ba\u015fvuru Formu<\/a><\/h3><\/div><\/div>\t\t\t\t<\/div>\n\t\t\t\t<\/div>\n\t\t\t\t<div class=\"elementor-element elementor-element-672f372 elementor-position-top elementor-widget elementor-widget-image-box\" data-id=\"672f372\" data-element_type=\"widget\" data-e-type=\"widget\" data-widget_type=\"image-box.default\">\n\t\t\t\t<div class=\"elementor-widget-container\">\n\t\t\t\t\t<div class=\"elementor-image-box-wrapper\"><figure class=\"elementor-image-box-img\"><a href=\"https:\/\/coscotr.com\/wp-content\/uploads\/2022\/04\/C\u0327EREZ_POLI\u0307TI\u0307KASI.pdf\" tabindex=\"-1\"><img fetchpriority=\"high\" decoding=\"async\" width=\"427\" height=\"461\" src=\"https:\/\/coscotr.com\/wp-content\/uploads\/2020\/08\/pdf-1.jpg\" class=\"attachment-full size-full wp-image-186\" alt=\"\" srcset=\"https:\/\/coscotr.com\/wp-content\/uploads\/2020\/08\/pdf-1.jpg 427w, https:\/\/coscotr.com\/wp-content\/uploads\/2020\/08\/pdf-1-278x300.jpg 278w\" sizes=\"(max-width: 427px) 100vw, 427px\" \/><\/a><\/figure><div class=\"elementor-image-box-content\"><h3 class=\"elementor-image-box-title\"><a href=\"https:\/\/coscotr.com\/wp-content\/uploads\/2022\/04\/C\u0327EREZ_POLI\u0307TI\u0307KASI.pdf\">\u00c7erez Politikas\u0131<\/a><\/h3><\/div><\/div>\t\t\t\t<\/div>\n\t\t\t\t<\/div>\n\t\t\t\t\t<\/div>\n\t\t<\/div>\n\t\t\t\t\t<\/div>\n\t\t<\/section>\n\t\t\t\t<\/div>\n\t\t","protected":false},"excerpt":{"rendered":"<div class=\"slide-text-bg2\">\n<h3>CCTV VASITASIYLA K\u0130\u015e\u0130SEL VER\u0130LER\u0130N \u0130\u015eLENMES\u0130NE \u0130L\u0130\u015eK\u0130N AYDINLATMA METN\u0130 Ayd\u0131nlatma Metni KVKK Politikas\u0131 KVKK Ba\u015fvuru Formu \u00c7erez Politikas\u0131<\/h3>\n<\/div>\n<div class=\"flex-btn-div\"><a href=\"https:\/\/coscotr.com\/?page_id=175\" class=\"btn1 flex-btn\">Daha fazlas\u0131n\u0131 oku<\/a><\/div>\n","protected":false},"author":1,"featured_media":0,"parent":0,"menu_order":0,"comment_status":"closed","ping_status":"closed","template":"elementor_header_footer","meta":{"footnotes":""},"class_list":["post-175","page","type-page","status-publish","hentry"],"_links":{"self":[{"href":"https:\/\/coscotr.com\/index.php?rest_route=\/wp\/v2\/pages\/175","targetHints":{"allow":["GET"]}}],"collection":[{"href":"https:\/\/coscotr.com\/index.php?rest_route=\/wp\/v2\/pages"}],"about":[{"href":"https:\/\/coscotr.com\/index.php?rest_route=\/wp\/v2\/types\/page"}],"author":[{"embeddable":true,"href":"https:\/\/coscotr.com\/index.php?rest_route=\/wp\/v2\/users\/1"}],"replies":[{"embeddable":true,"href":"https:\/\/coscotr.com\/index.php?rest_route=%2Fwp%2Fv2%2Fcomments&post=175"}],"version-history":[{"count":24,"href":"https:\/\/coscotr.com\/index.php?rest_route=\/wp\/v2\/pages\/175\/revisions"}],"predecessor-version":[{"id":299,"href":"https:\/\/coscotr.com\/index.php?rest_route=\/wp\/v2\/pages\/175\/revisions\/299"}],"wp:attachment":[{"href":"https:\/\/coscotr.com\/index.php?rest_route=%2Fwp%2Fv2%2Fmedia&parent=175"}],"curies":[{"name":"wp","href":"https:\/\/api.w.org\/{rel}","templated":true}]}}